{"id":151,"date":"2017-06-25T21:36:24","date_gmt":"2017-06-26T00:36:24","guid":{"rendered":"http:\/\/www.seizestudios.com\/?page_id=151"},"modified":"2017-07-16T23:20:37","modified_gmt":"2017-07-17T02:20:37","slug":"elly-the-jelly","status":"publish","type":"page","link":"http:\/\/www.seizestudios.com\/br\/games\/elly-the-jelly\/","title":{"rendered":"Elly The Jelly"},"content":{"rendered":"<h3>Sobre o Jogo<\/h3>\n<p>Est\u00e1 preparado para a Geleia? Pegue esse incr\u00edvel Party Game que voc\u00ea e os seus (ex) amigos devem atirar peda\u00e7os de si mesmo para derrubar o outro da Arena!<\/p>\n<p><img loading=\"lazy\" decoding=\"async\" class=\"aligncenter size-large wp-image-168\" src=\"http:\/\/www.seizestudios.com\/wp-content\/uploads\/2017\/06\/promoSizes-1024x428.png\" alt=\"promoSizes\" width=\"770\" height=\"322\" srcset=\"http:\/\/www.seizestudios.com\/wp-content\/uploads\/2017\/06\/promoSizes-1024x428.png 1024w, http:\/\/www.seizestudios.com\/wp-content\/uploads\/2017\/06\/promoSizes-300x125.png 300w, http:\/\/www.seizestudios.com\/wp-content\/uploads\/2017\/06\/promoSizes-768x321.png 768w\" sizes=\"auto, (max-width: 770px) 100vw, 770px\" \/><\/p>\n<p>Para jogar esse platform-shooter (pelo menos 1 controle \u00e9 necess\u00e1rio para o\u00a0multiplayer) voc\u00ea controla sua geleia e precisa\u00a0derrubar seus inimigos atirando peda\u00e7os de geleia.<br \/>\nMas tenha cuidado! Cada peda\u00e7o que voc\u00ea atira, voc\u00ea perde em peso, fazendo voc\u00ea mais f\u00e1cil de ser empurrada!<br \/>\nVoc\u00ea pode pegar seus peda\u00e7os de volta&#8230; Ou at\u00e9 os peda\u00e7os dos seus inimigos!<\/p>\n<p>Como se n\u00e3o fosse o bastante, existem um bocado de itens que podem ser usados para ajudar na sua vit\u00f3ria, ou s\u00f3 para deixar tudo mais ca\u00f3tico mesmo.<\/p>\n<p>&nbsp;<\/p>\n<h3>V\u00eddeos<\/h3>\n<p><iframe loading=\"lazy\" src=\"https:\/\/www.youtube.com\/embed\/xDKcpAdpVa4\" width=\"560\" height=\"315\" frameborder=\"0\" allowfullscreen=\"allowfullscreen\"><\/iframe><\/p>\n<h3>ScreenShots<\/h3>\n<div id='gallery-1' class='gallery galleryid-151 gallery-columns-3 gallery-size-thumbnail'><dl class='gallery-item'>\n\t\t\t<dt class='gallery-icon landscape'>\n\t\t\t\t<a href='http:\/\/www.seizestudios.com\/wp-content\/uploads\/2017\/06\/logo.jpg'><img loading=\"lazy\" decoding=\"async\" width=\"150\" height=\"150\" src=\"http:\/\/www.seizestudios.com\/wp-content\/uploads\/2017\/06\/logo-150x150.jpg\" class=\"attachment-thumbnail size-thumbnail\" alt=\"\" \/><\/a>\n\t\t\t<\/dt><\/dl><dl class='gallery-item'>\n\t\t\t<dt class='gallery-icon landscape'>\n\t\t\t\t<a href='http:\/\/www.seizestudios.com\/wp-content\/uploads\/2017\/06\/Screen.jpg'><img loading=\"lazy\" decoding=\"async\" width=\"150\" height=\"150\" src=\"http:\/\/www.seizestudios.com\/wp-content\/uploads\/2017\/06\/Screen-150x150.jpg\" class=\"attachment-thumbnail size-thumbnail\" alt=\"\" \/><\/a>\n\t\t\t<\/dt><\/dl><dl class='gallery-item'>\n\t\t\t<dt class='gallery-icon landscape'>\n\t\t\t\t<a href='http:\/\/www.seizestudios.com\/wp-content\/uploads\/2017\/06\/Screen2.jpg'><img loading=\"lazy\" decoding=\"async\" width=\"150\" height=\"150\" src=\"http:\/\/www.seizestudios.com\/wp-content\/uploads\/2017\/06\/Screen2-150x150.jpg\" class=\"attachment-thumbnail size-thumbnail\" alt=\"\" \/><\/a>\n\t\t\t<\/dt><\/dl><br style=\"clear: both\" \/><dl class='gallery-item'>\n\t\t\t<dt class='gallery-icon landscape'>\n\t\t\t\t<a href='http:\/\/www.seizestudios.com\/wp-content\/uploads\/2017\/06\/Screen3.jpg'><img loading=\"lazy\" decoding=\"async\" width=\"150\" height=\"150\" src=\"http:\/\/www.seizestudios.com\/wp-content\/uploads\/2017\/06\/Screen3-150x150.jpg\" class=\"attachment-thumbnail size-thumbnail\" alt=\"\" \/><\/a>\n\t\t\t<\/dt><\/dl><dl class='gallery-item'>\n\t\t\t<dt class='gallery-icon landscape'>\n\t\t\t\t<a href='http:\/\/www.seizestudios.com\/wp-content\/uploads\/2017\/06\/Screen4.jpg'><img loading=\"lazy\" decoding=\"async\" width=\"150\" height=\"150\" src=\"http:\/\/www.seizestudios.com\/wp-content\/uploads\/2017\/06\/Screen4-150x150.jpg\" class=\"attachment-thumbnail size-thumbnail\" alt=\"\" \/><\/a>\n\t\t\t<\/dt><\/dl><dl class='gallery-item'>\n\t\t\t<dt class='gallery-icon landscape'>\n\t\t\t\t<a href='http:\/\/www.seizestudios.com\/wp-content\/uploads\/2017\/06\/Screen5.jpg'><img loading=\"lazy\" decoding=\"async\" width=\"150\" height=\"150\" src=\"http:\/\/www.seizestudios.com\/wp-content\/uploads\/2017\/06\/Screen5-150x150.jpg\" class=\"attachment-thumbnail size-thumbnail\" alt=\"\" \/><\/a>\n\t\t\t<\/dt><\/dl><br style=\"clear: both\" \/>\n\t\t<\/div>\n\n<p><a href=\"http:\/\/www.seizestudios.com\/wp-content\/uploads\/2016\/05\/Screenshot7.jpg\"><br \/>\n<\/a><\/p>\n<p><a href=\"http:\/\/www.seizestudios.com\/wp-content\/uploads\/2016\/05\/Screenshot4.jpg\"><br \/>\n<\/a><a href=\"http:\/\/www.seizestudios.com\/wp-content\/uploads\/2016\/05\/Screenshot3.jpg\"><br \/>\n<\/a><\/p>\n<p>&nbsp;<\/p>\n<h3>Logos<\/h3>\n<div id='gallery-2' class='gallery galleryid-151 gallery-columns-3 gallery-size-thumbnail'><dl class='gallery-item'>\n\t\t\t<dt class='gallery-icon landscape'>\n\t\t\t\t<a href='http:\/\/www.seizestudios.com\/wp-content\/uploads\/2017\/06\/0001_logo.png'><img loading=\"lazy\" decoding=\"async\" width=\"150\" height=\"150\" src=\"http:\/\/www.seizestudios.com\/wp-content\/uploads\/2017\/06\/0001_logo-150x150.png\" class=\"attachment-thumbnail size-thumbnail\" alt=\"\" \/><\/a>\n\t\t\t<\/dt><\/dl><dl class='gallery-item'>\n\t\t\t<dt class='gallery-icon landscape'>\n\t\t\t\t<a href='http:\/\/www.seizestudios.com\/wp-content\/uploads\/2016\/05\/LogoHighRes.png'><img loading=\"lazy\" decoding=\"async\" width=\"150\" height=\"150\" src=\"http:\/\/www.seizestudios.com\/wp-content\/uploads\/2016\/05\/LogoHighRes-150x150.png\" class=\"attachment-thumbnail size-thumbnail\" alt=\"\" \/><\/a>\n\t\t\t<\/dt><\/dl><dl class='gallery-item'>\n\t\t\t<dt class='gallery-icon portrait'>\n\t\t\t\t<a href='http:\/\/www.seizestudios.com\/wp-content\/uploads\/2016\/05\/IconHighRes.png'><img loading=\"lazy\" decoding=\"async\" width=\"150\" height=\"150\" src=\"http:\/\/www.seizestudios.com\/wp-content\/uploads\/2016\/05\/IconHighRes-150x150.png\" class=\"attachment-thumbnail size-thumbnail\" alt=\"\" \/><\/a>\n\t\t\t<\/dt><\/dl><br style=\"clear: both\" \/>\n\t\t<\/div>\n\n<h3>Sobre o Est\u00fadio<\/h3>\n<p><strong>Seize Studios<\/strong> \u00e9 um grupo de desenvolvimento de jogos brasileiro, com sede em Bras\u00edlia &#8211; Distrito Federal. O est\u00fadio, formado em 2016, busca n\u00e3o apenas criar \u00f3timos jogos, trazendo o velho esp\u00edrito de quando\u00a0voc\u00ea podia se divertir em um mundo inteiro sem se preocupar com DLCs, \u00a0politicamente correto ou taxas abusivas, mas tamb\u00e9m ajudar a novos desenvolvedores de jogos atrav\u00e9s de incentivos em tutoriais e c\u00f3digos abertos.<\/p>\n<h3>Time<\/h3>\n<style>\n.pure-table {\n    border-collapse: collapse;\n    border-spacing: 0;\n    empty-cells: show;\n    border: 1px solid #cbcbcb;\n}\n.pure-table thead {\n    background-color: #e0e0e0;\n    color: #000;\n    text-align: left;\n    vertical-align: bottom;\n}\n.pure-table td, .pure-table th {\n    border-left: 1px solid #cbcbcb;\n    border-width: 0 0 0 1px;\n    font-size: inherit;\n    margin: 0;\n    overflow: visible;\n    padding: .5em 1em;\n    text-align:center;\n}\n<\/style>\n<table class=\"pure-table\">\n<thead>\n<tr>\n<th>Programa\u00e7\u00e3o<\/th>\n<th>Arte<\/th>\n<th>Ger\u00eancia de Projeto<\/th>\n<th>Design Sonoro<\/th>\n<\/tr>\n<\/thead>\n<tbody>\n<tr>\n<td>Andr\u00e9 Agostinho<br \/>\nFelipe Dantas<br \/>\nJ\u00f4natas Dantas<br \/>\nLuan Ferreira<\/td>\n<td>Artur J\u00fanior<br \/>\nMatheus Ferreira<\/td>\n<td>Renan Dantas<\/td>\n<td>Arthur de Castro<\/td>\n<\/tr>\n<\/tbody>\n<\/table>\n<h3>Arte Promocional<\/h3>\n<div id='gallery-3' class='gallery galleryid-151 gallery-columns-3 gallery-size-thumbnail'><dl class='gallery-item'>\n\t\t\t<dt class='gallery-icon landscape'>\n\t\t\t\t<a href='http:\/\/www.seizestudios.com\/wp-content\/uploads\/2017\/06\/promoInvisible.png'><img loading=\"lazy\" decoding=\"async\" width=\"150\" height=\"150\" src=\"http:\/\/www.seizestudios.com\/wp-content\/uploads\/2017\/06\/promoInvisible-150x150.png\" class=\"attachment-thumbnail size-thumbnail\" alt=\"\" \/><\/a>\n\t\t\t<\/dt><\/dl><dl class='gallery-item'>\n\t\t\t<dt class='gallery-icon portrait'>\n\t\t\t\t<a href='http:\/\/www.seizestudios.com\/wp-content\/uploads\/2017\/06\/promoJelly.png'><img loading=\"lazy\" decoding=\"async\" width=\"150\" height=\"150\" src=\"http:\/\/www.seizestudios.com\/wp-content\/uploads\/2017\/06\/promoJelly-150x150.png\" class=\"attachment-thumbnail size-thumbnail\" alt=\"\" \/><\/a>\n\t\t\t<\/dt><\/dl><dl class='gallery-item'>\n\t\t\t<dt class='gallery-icon portrait'>\n\t\t\t\t<a href='http:\/\/www.seizestudios.com\/wp-content\/uploads\/2017\/06\/promoLandmine.png'><img loading=\"lazy\" decoding=\"async\" width=\"150\" height=\"150\" src=\"http:\/\/www.seizestudios.com\/wp-content\/uploads\/2017\/06\/promoLandmine-150x150.png\" class=\"attachment-thumbnail size-thumbnail\" alt=\"\" \/><\/a>\n\t\t\t<\/dt><\/dl><br style=\"clear: both\" \/><dl class='gallery-item'>\n\t\t\t<dt class='gallery-icon landscape'>\n\t\t\t\t<a href='http:\/\/www.seizestudios.com\/wp-content\/uploads\/2017\/06\/promoMissile.png'><img loading=\"lazy\" decoding=\"async\" width=\"150\" height=\"150\" src=\"http:\/\/www.seizestudios.com\/wp-content\/uploads\/2017\/06\/promoMissile-150x150.png\" class=\"attachment-thumbnail size-thumbnail\" alt=\"\" \/><\/a>\n\t\t\t<\/dt><\/dl><dl class='gallery-item'>\n\t\t\t<dt class='gallery-icon landscape'>\n\t\t\t\t<a href='http:\/\/www.seizestudios.com\/wp-content\/uploads\/2017\/06\/promoSizes.png'><img loading=\"lazy\" decoding=\"async\" width=\"150\" height=\"150\" src=\"http:\/\/www.seizestudios.com\/wp-content\/uploads\/2017\/06\/promoSizes-150x150.png\" class=\"attachment-thumbnail size-thumbnail\" alt=\"\" \/><\/a>\n\t\t\t<\/dt><\/dl><dl class='gallery-item'>\n\t\t\t<dt class='gallery-icon landscape'>\n\t\t\t\t<a href='http:\/\/www.seizestudios.com\/wp-content\/uploads\/2017\/06\/promoDeath.png'><img loading=\"lazy\" decoding=\"async\" width=\"150\" height=\"150\" src=\"http:\/\/www.seizestudios.com\/wp-content\/uploads\/2017\/06\/promoDeath-150x150.png\" class=\"attachment-thumbnail size-thumbnail\" alt=\"\" \/><\/a>\n\t\t\t<\/dt><\/dl><br style=\"clear: both\" \/>\n\t\t<\/div>\n\n<h3>Lan\u00e7amento<\/h3>\n<p>&nbsp;<\/p>\n<h1 style=\"text-align: center;\"><img loading=\"lazy\" decoding=\"async\" class=\"wp-image-47 aligncenter\" src=\"http:\/\/www.seizestudios.com\/wp-content\/uploads\/2016\/05\/Calendar.png\" alt=\"Calendar\" width=\"64\" height=\"75\" \/>26\/06\/2017<\/h1>\n<p>&nbsp;<\/p>\n<h3>Solu\u00e7\u00f5es de Problemas<\/h3>\n<p><strong>Meu Controle n\u00e3o \u00e9<\/strong> <strong>reconhecido<\/strong>.<br \/>\nElly The Jelly usa todo o poder do Plugin Rewired, que constantemente se atualiza e aceita um grande n\u00famero de controles USB e Bluetooth. Para ver uma lista de controles suportados, visite este <a href=\"http:\/\/guavaman.com\/projects\/rewired\/docs\/SupportedControllers.html\">link.<\/a><\/p>\n<p><strong>O Jogo em Rede apresenta Lag<\/strong>.<br \/>\nO modo multiplayer em rede est\u00e1 em BETA e v\u00e1rios testes est\u00e3o sendo conduzidos para que a experi\u00eancia como um todo seja melhorada. Entretanto, recomendamos que cheque as configura\u00e7\u00e3o de sua rede para que permita troca r\u00e1pida de informa\u00e7\u00f5es.<\/p>\n<p><strong>Outro dispositivo n\u00e3o \u00e9 reconhecido para o Multiplayer<\/strong>.<br \/>\nO multiplayer de Elly The Jelly \u00e9 apenas em rede Local. Os dispositivos\u00a0devem estar conectados na mesma rede sem fio ou cabeada para que sejam reconhecidos entre si. Um dos dispositivos deve estar na tela de sele\u00e7\u00e3o de personagens enquanto os outros no menu inicial. Tamb\u00e9m recomendamos que voc\u00ea verifique se n\u00e3o h\u00e1 Firewalls ou outros softwares que restringem outros dispositivos a\u00a0se conectarem.<\/p>\n<p><strong>Algum comportamento estranho aconteceu durante um jogo em rede<\/strong>.<br \/>\nOh n\u00e3o! O modo multiplayer em rede est\u00e1 em BETA e v\u00e1rios testes est\u00e3o sendo conduzidos para que a experi\u00eancia como um todo seja melhorada. Agradecemos a compreens\u00e3o e pedimos para entrar em contato informado com detalhes como reproduzir o problema. Enquanto isso, recomendamos que feche o jogo em todos os dispositivos\u00a0conectados e comecem novamente o processo de busca de rede.<\/p>\n","protected":false},"excerpt":{"rendered":"<p>Sobre o Jogo Est\u00e1 preparado para a Geleia? Pegue esse incr\u00edvel Party Game que voc\u00ea e os seus (ex) amigos devem atirar peda\u00e7os de si mesmo para derrubar o outro da Arena! Para jogar esse platform-shooter (pelo menos 1 controle \u00e9 necess\u00e1rio para o\u00a0multiplayer) voc\u00ea controla sua geleia e precisa\u00a0derrubar seus inimigos atirando peda\u00e7os de&#8230;<\/p>\n<p><a href=\"http:\/\/www.seizestudios.com\/br\/games\/elly-the-jelly\/\" class=\"read-button\">Read more<\/a><\/p>\n","protected":false},"author":1,"featured_media":0,"parent":11,"menu_order":0,"comment_status":"closed","ping_status":"closed","template":"page-templates\/full-width.php","meta":{"footnotes":""},"class_list":["post-151","page","type-page","status-publish","hentry"],"translation":{"provider":"WPGlobus","version":"2.12.2","language":"br","enabled_languages":["en","br"],"languages":{"en":{"title":true,"content":true,"excerpt":false},"br":{"title":true,"content":true,"excerpt":false}}},"_links":{"self":[{"href":"http:\/\/www.seizestudios.com\/br\/wp-json\/wp\/v2\/pages\/151","targetHints":{"allow":["GET"]}}],"collection":[{"href":"http:\/\/www.seizestudios.com\/br\/wp-json\/wp\/v2\/pages"}],"about":[{"href":"http:\/\/www.seizestudios.com\/br\/wp-json\/wp\/v2\/types\/page"}],"author":[{"embeddable":true,"href":"http:\/\/www.seizestudios.com\/br\/wp-json\/wp\/v2\/users\/1"}],"replies":[{"embeddable":true,"href":"http:\/\/www.seizestudios.com\/br\/wp-json\/wp\/v2\/comments?post=151"}],"version-history":[{"count":10,"href":"http:\/\/www.seizestudios.com\/br\/wp-json\/wp\/v2\/pages\/151\/revisions"}],"predecessor-version":[{"id":163,"href":"http:\/\/www.seizestudios.com\/br\/wp-json\/wp\/v2\/pages\/151\/revisions\/163"}],"up":[{"embeddable":true,"href":"http:\/\/www.seizestudios.com\/br\/wp-json\/wp\/v2\/pages\/11"}],"wp:attachment":[{"href":"http:\/\/www.seizestudios.com\/br\/wp-json\/wp\/v2\/media?parent=151"}],"curies":[{"name":"wp","href":"https:\/\/api.w.org\/{rel}","templated":true}]}}