{"id":2,"date":"2016-05-29T17:33:55","date_gmt":"2016-05-29T20:33:55","guid":{"rendered":"http:\/\/localhost:8888\/seizestudios\/?page_id=2"},"modified":"2016-08-09T22:11:11","modified_gmt":"2016-08-10T01:11:11","slug":"about","status":"publish","type":"page","link":"http:\/\/www.seizestudios.com\/br\/about\/","title":{"rendered":"Sobre"},"content":{"rendered":"<p>Em uma terra cheio de perigo, monstros e aventuras, tamb\u00e9m conhecida como &#8220;Vida Real&#8221;, existia um garoto cujo nome era <strong>Felipe Dantas<\/strong>. Ele sempre foi viciado na ideia de criar novos mundos, contar hist\u00f3rias para pessoas e faz\u00ea-las se sentir entretidas.<\/p>\n<p>Ele sempre teve equipamentos velhos que n\u00e3o o ajudavam a jogar os tais de &#8220;<em>video games<\/em>&#8221; que as outras crian\u00e7as falavam sobre. Ent\u00e3o ele decidiu criar o seu pr\u00f3prio. Desse dia em diante, Felipe descobriu o que ele queria fazer com sua vida: Video Games.<\/p>\n<p>Incentivado por sua paix\u00e3o nesse novo tipo de arte, Felipe estudou muito, criou um jogo ruim depois de outro, at\u00e9 que ele teve experi\u00eancia o bastante para criar os incr\u00edveis mundos que sempre sonhou. O dia da profecia chegou.<\/p>\n<p>Em <strong>2016<\/strong>, no reino de <strong>Brasil<\/strong>, Felipe criou a <strong>Seize Studios<\/strong>, um grupo de Desenvolvimento de Jogos com o objetivo de n\u00e3o apenas criar \u00f3timos jogos, que trazem divers\u00e3o acima de todas as coisas, mas tamb\u00e9m ajudar novos desenvolvedores a achar o pr\u00f3prio caminho.<\/p>\n<p>Hoje, Seize Studios foca em trazer o velho esp\u00edrito dos jogos de volta ao mercado, de volta ao tempo onde voc\u00ea podia se divertir em um mundo inteiro sem se preocupar com DLCs, com o sem sentido do politicamente correto ou taxas abusivas. Apenas sente e aproveite a viagem.<\/p>\n","protected":false},"excerpt":{"rendered":"<p>Em uma terra cheio de perigo, monstros e aventuras, tamb\u00e9m conhecida como &#8220;Vida Real&#8221;, existia um garoto cujo nome era Felipe Dantas. Ele sempre foi viciado na ideia de criar novos mundos, contar hist\u00f3rias para pessoas e faz\u00ea-las se sentir entretidas. Ele sempre teve equipamentos velhos que n\u00e3o o ajudavam a jogar os tais de&#8230;<\/p>\n<p><a href=\"http:\/\/www.seizestudios.com\/br\/about\/\" class=\"read-button\">Read more<\/a><\/p>\n","protected":false},"author":1,"featured_media":0,"parent":0,"menu_order":0,"comment_status":"closed","ping_status":"open","template":"page-templates\/full-width.php","meta":{"footnotes":""},"class_list":["post-2","page","type-page","status-publish","hentry"],"translation":{"provider":"WPGlobus","version":"2.12.2","language":"br","enabled_languages":["en","br"],"languages":{"en":{"title":true,"content":true,"excerpt":false},"br":{"title":true,"content":true,"excerpt":false}}},"_links":{"self":[{"href":"http:\/\/www.seizestudios.com\/br\/wp-json\/wp\/v2\/pages\/2","targetHints":{"allow":["GET"]}}],"collection":[{"href":"http:\/\/www.seizestudios.com\/br\/wp-json\/wp\/v2\/pages"}],"about":[{"href":"http:\/\/www.seizestudios.com\/br\/wp-json\/wp\/v2\/types\/page"}],"author":[{"embeddable":true,"href":"http:\/\/www.seizestudios.com\/br\/wp-json\/wp\/v2\/users\/1"}],"replies":[{"embeddable":true,"href":"http:\/\/www.seizestudios.com\/br\/wp-json\/wp\/v2\/comments?post=2"}],"version-history":[{"count":4,"href":"http:\/\/www.seizestudios.com\/br\/wp-json\/wp\/v2\/pages\/2\/revisions"}],"predecessor-version":[{"id":40,"href":"http:\/\/www.seizestudios.com\/br\/wp-json\/wp\/v2\/pages\/2\/revisions\/40"}],"wp:attachment":[{"href":"http:\/\/www.seizestudios.com\/br\/wp-json\/wp\/v2\/media?parent=2"}],"curies":[{"name":"wp","href":"https:\/\/api.w.org\/{rel}","templated":true}]}}