{"id":26,"date":"2016-05-31T13:01:29","date_gmt":"2016-05-31T16:01:29","guid":{"rendered":"http:\/\/localhost:8888\/seizestudios\/?page_id=26"},"modified":"2016-08-25T16:38:57","modified_gmt":"2016-08-25T19:38:57","slug":"dog-band","status":"publish","type":"page","link":"http:\/\/www.seizestudios.com\/br\/games\/dog-band\/","title":{"rendered":"Dog Band"},"content":{"rendered":"<h3>Sobre o Jogo<a href=\"http:\/\/www.seizestudios.com\/wp-content\/uploads\/2016\/05\/Cloth1.jpg\"><img loading=\"lazy\" decoding=\"async\" class=\"alignright size-medium wp-image-59\" src=\"http:\/\/www.seizestudios.com\/wp-content\/uploads\/2016\/05\/Cloth1-204x300.jpg\" alt=\"Cloth Example\" width=\"204\" height=\"300\" srcset=\"http:\/\/www.seizestudios.com\/wp-content\/uploads\/2016\/05\/Cloth1-204x300.jpg 204w, http:\/\/www.seizestudios.com\/wp-content\/uploads\/2016\/05\/Cloth1.jpg 550w\" sizes=\"auto, (max-width: 204px) 100vw, 204px\" \/><\/a><\/h3>\n<p>Quem n\u00e3o gosta de cachorros? Quem n\u00e3o gosta de m\u00fasica?<br \/>\nEm <strong>Dog Band<\/strong> voc\u00ea pode cuidar de v\u00e1rios cachorros:<\/p>\n<ul>\n<li>Alimenta-lo com diversos tipos diferentes de ra\u00e7\u00f5es e \u00e1guas;<\/li>\n<li>Vesti-lo com uma incr\u00edvel variedades de roupas;<\/li>\n<li>Dar banho para mant\u00ea-lo limpo e saud\u00e1vel;<\/li>\n<li>Brincar\u00a0para garantir a felicidade dele!<\/li>\n<\/ul>\n<p>Mas o mundo de <strong>Dog Band<\/strong> \u00e9 ainda mais incr\u00edvel: cada ra\u00e7a de cachorro \u00e9 capaz de tocar um instrumento musical diferente! Entre Akitas e Yorkshires voc\u00ea pode misturar v\u00e1rias ra\u00e7as para criar sua pr\u00f3pria m\u00fasica e realizar grandes Shows, aumentando seu n\u00edvel de fama!<\/p>\n<p>Mas cuidado! A forma que voc\u00ea cuida do seu amigo influ\u00eancia em como ele vai tocar o instrumento!<\/p>\n<h3>V\u00eddeos<\/h3>\n<p><iframe loading=\"lazy\" src=\"https:\/\/www.youtube.com\/embed\/QcRNB1DPCl4\" width=\"560\" height=\"315\" frameborder=\"0\" allowfullscreen=\"allowfullscreen\"><\/iframe><\/p>\n<h3>ScreenShots<\/h3>\n<div id='gallery-1' class='gallery galleryid-26 gallery-columns-3 gallery-size-thumbnail'><dl class='gallery-item'>\n\t\t\t<dt class='gallery-icon portrait'>\n\t\t\t\t<a href='http:\/\/www.seizestudios.com\/wp-content\/uploads\/2016\/05\/Screenshot11.jpg'><img loading=\"lazy\" decoding=\"async\" width=\"150\" height=\"150\" src=\"http:\/\/www.seizestudios.com\/wp-content\/uploads\/2016\/05\/Screenshot11-150x150.jpg\" class=\"attachment-thumbnail size-thumbnail\" alt=\"\" \/><\/a>\n\t\t\t<\/dt><\/dl><dl class='gallery-item'>\n\t\t\t<dt class='gallery-icon portrait'>\n\t\t\t\t<a href='http:\/\/www.seizestudios.com\/wp-content\/uploads\/2016\/05\/Screenshot2.jpg'><img loading=\"lazy\" decoding=\"async\" width=\"150\" height=\"150\" src=\"http:\/\/www.seizestudios.com\/wp-content\/uploads\/2016\/05\/Screenshot2-150x150.jpg\" class=\"attachment-thumbnail size-thumbnail\" alt=\"\" \/><\/a>\n\t\t\t<\/dt><\/dl><dl class='gallery-item'>\n\t\t\t<dt class='gallery-icon portrait'>\n\t\t\t\t<a href='http:\/\/www.seizestudios.com\/wp-content\/uploads\/2016\/05\/Screenshot10.jpg'><img loading=\"lazy\" decoding=\"async\" width=\"150\" height=\"150\" src=\"http:\/\/www.seizestudios.com\/wp-content\/uploads\/2016\/05\/Screenshot10-150x150.jpg\" class=\"attachment-thumbnail size-thumbnail\" alt=\"\" \/><\/a>\n\t\t\t<\/dt><\/dl><br style=\"clear: both\" \/><dl class='gallery-item'>\n\t\t\t<dt class='gallery-icon portrait'>\n\t\t\t\t<a href='http:\/\/www.seizestudios.com\/wp-content\/uploads\/2016\/05\/Screenshot9.jpg'><img loading=\"lazy\" decoding=\"async\" width=\"150\" height=\"150\" src=\"http:\/\/www.seizestudios.com\/wp-content\/uploads\/2016\/05\/Screenshot9-150x150.jpg\" class=\"attachment-thumbnail size-thumbnail\" alt=\"\" \/><\/a>\n\t\t\t<\/dt><\/dl><dl class='gallery-item'>\n\t\t\t<dt class='gallery-icon landscape'>\n\t\t\t\t<a href='http:\/\/www.seizestudios.com\/wp-content\/uploads\/2016\/05\/Screenshot7.jpg'><img loading=\"lazy\" decoding=\"async\" width=\"150\" height=\"150\" src=\"http:\/\/www.seizestudios.com\/wp-content\/uploads\/2016\/05\/Screenshot7-150x150.jpg\" class=\"attachment-thumbnail size-thumbnail\" alt=\"\" \/><\/a>\n\t\t\t<\/dt><\/dl><dl class='gallery-item'>\n\t\t\t<dt class='gallery-icon portrait'>\n\t\t\t\t<a href='http:\/\/www.seizestudios.com\/wp-content\/uploads\/2016\/05\/Screenshot6.jpg'><img loading=\"lazy\" decoding=\"async\" width=\"150\" height=\"150\" src=\"http:\/\/www.seizestudios.com\/wp-content\/uploads\/2016\/05\/Screenshot6-150x150.jpg\" class=\"attachment-thumbnail size-thumbnail\" alt=\"\" \/><\/a>\n\t\t\t<\/dt><\/dl><br style=\"clear: both\" \/><dl class='gallery-item'>\n\t\t\t<dt class='gallery-icon portrait'>\n\t\t\t\t<a href='http:\/\/www.seizestudios.com\/wp-content\/uploads\/2016\/05\/Screenshot8.jpg'><img loading=\"lazy\" decoding=\"async\" width=\"150\" height=\"150\" src=\"http:\/\/www.seizestudios.com\/wp-content\/uploads\/2016\/05\/Screenshot8-150x150.jpg\" class=\"attachment-thumbnail size-thumbnail\" alt=\"\" \/><\/a>\n\t\t\t<\/dt><\/dl><dl class='gallery-item'>\n\t\t\t<dt class='gallery-icon portrait'>\n\t\t\t\t<a href='http:\/\/www.seizestudios.com\/wp-content\/uploads\/2016\/05\/Screenshot5.jpg'><img loading=\"lazy\" decoding=\"async\" width=\"150\" height=\"150\" src=\"http:\/\/www.seizestudios.com\/wp-content\/uploads\/2016\/05\/Screenshot5-150x150.jpg\" class=\"attachment-thumbnail size-thumbnail\" alt=\"\" \/><\/a>\n\t\t\t<\/dt><\/dl><dl class='gallery-item'>\n\t\t\t<dt class='gallery-icon landscape'>\n\t\t\t\t<a href='http:\/\/www.seizestudios.com\/wp-content\/uploads\/2016\/05\/Screenshot4.jpg'><img loading=\"lazy\" decoding=\"async\" width=\"150\" height=\"150\" src=\"http:\/\/www.seizestudios.com\/wp-content\/uploads\/2016\/05\/Screenshot4-150x150.jpg\" class=\"attachment-thumbnail size-thumbnail\" alt=\"\" \/><\/a>\n\t\t\t<\/dt><\/dl><br style=\"clear: both\" \/><dl class='gallery-item'>\n\t\t\t<dt class='gallery-icon portrait'>\n\t\t\t\t<a href='http:\/\/www.seizestudios.com\/wp-content\/uploads\/2016\/05\/Screenshot1.jpg'><img loading=\"lazy\" decoding=\"async\" width=\"150\" height=\"150\" src=\"http:\/\/www.seizestudios.com\/wp-content\/uploads\/2016\/05\/Screenshot1-150x150.jpg\" class=\"attachment-thumbnail size-thumbnail\" alt=\"\" \/><\/a>\n\t\t\t<\/dt><\/dl><dl class='gallery-item'>\n\t\t\t<dt class='gallery-icon portrait'>\n\t\t\t\t<a href='http:\/\/www.seizestudios.com\/wp-content\/uploads\/2016\/05\/Screenshot3.jpg'><img loading=\"lazy\" decoding=\"async\" width=\"150\" height=\"150\" src=\"http:\/\/www.seizestudios.com\/wp-content\/uploads\/2016\/05\/Screenshot3-150x150.jpg\" class=\"attachment-thumbnail size-thumbnail\" alt=\"\" \/><\/a>\n\t\t\t<\/dt><\/dl>\n\t\t\t<br style='clear: both' \/>\n\t\t<\/div>\n\n<p><a href=\"http:\/\/www.seizestudios.com\/wp-content\/uploads\/2016\/05\/Screenshot7.jpg\"><br \/>\n<\/a><\/p>\n<p><a href=\"http:\/\/www.seizestudios.com\/wp-content\/uploads\/2016\/05\/Screenshot4.jpg\"><br \/>\n<\/a><a href=\"http:\/\/www.seizestudios.com\/wp-content\/uploads\/2016\/05\/Screenshot3.jpg\"><br \/>\n<\/a><\/p>\n<p>&nbsp;<\/p>\n<h3>Logos<\/h3>\n<div id='gallery-2' class='gallery galleryid-26 gallery-columns-3 gallery-size-thumbnail'><dl class='gallery-item'>\n\t\t\t<dt class='gallery-icon landscape'>\n\t\t\t\t<a href='http:\/\/www.seizestudios.com\/wp-content\/uploads\/2016\/05\/Logo-1.png'><img loading=\"lazy\" decoding=\"async\" width=\"150\" height=\"150\" src=\"http:\/\/www.seizestudios.com\/wp-content\/uploads\/2016\/05\/Logo-1-150x150.png\" class=\"attachment-thumbnail size-thumbnail\" alt=\"\" \/><\/a>\n\t\t\t<\/dt><\/dl><dl class='gallery-item'>\n\t\t\t<dt class='gallery-icon landscape'>\n\t\t\t\t<a href='http:\/\/www.seizestudios.com\/wp-content\/uploads\/2016\/05\/LogoHighRes.png'><img loading=\"lazy\" decoding=\"async\" width=\"150\" height=\"150\" src=\"http:\/\/www.seizestudios.com\/wp-content\/uploads\/2016\/05\/LogoHighRes-150x150.png\" class=\"attachment-thumbnail size-thumbnail\" alt=\"\" \/><\/a>\n\t\t\t<\/dt><\/dl><dl class='gallery-item'>\n\t\t\t<dt class='gallery-icon portrait'>\n\t\t\t\t<a href='http:\/\/www.seizestudios.com\/wp-content\/uploads\/2016\/05\/IconHighRes.png'><img loading=\"lazy\" decoding=\"async\" width=\"150\" height=\"150\" src=\"http:\/\/www.seizestudios.com\/wp-content\/uploads\/2016\/05\/IconHighRes-150x150.png\" class=\"attachment-thumbnail size-thumbnail\" alt=\"\" \/><\/a>\n\t\t\t<\/dt><\/dl><br style=\"clear: both\" \/>\n\t\t<\/div>\n\n<h3>Sobre o Est\u00fadio<\/h3>\n<p><strong>Seize Studios<\/strong> \u00e9 um grupo de desenvolvimento de jogos brasileiro, com sede em Bras\u00edlia &#8211; Distrito Federal. O est\u00fadio, formado em 2016, busca n\u00e3o apenas criar \u00f3timos jogos, trazendo o velho esp\u00edrito de quando\u00a0voc\u00ea podia se divertir em um mundo inteiro sem se preocupar com DLCs, \u00a0politicamente correto ou taxas abusivas, mas tamb\u00e9m ajudar a novos desenvolvedores de jogos atrav\u00e9s de incentivos em tutoriais e c\u00f3digos abertos.<\/p>\n<h3>Time<\/h3>\n<style>\n.pure-table {\n    border-collapse: collapse;\n    border-spacing: 0;\n    empty-cells: show;\n    border: 1px solid #cbcbcb;\n}\n.pure-table thead {\n    background-color: #e0e0e0;\n    color: #000;\n    text-align: left;\n    vertical-align: bottom;\n}\n.pure-table td, .pure-table th {\n    border-left: 1px solid #cbcbcb;\n    border-width: 0 0 0 1px;\n    font-size: inherit;\n    margin: 0;\n    overflow: visible;\n    padding: .5em 1em;\n    text-align:center;\n}\n<\/style>\n<table class=\"pure-table\">\n<thead>\n<tr>\n<th>Felipe Dantas<\/th>\n<th>Mateus Negrelli<\/th>\n<th>Renan Dantas<\/th>\n<\/tr>\n<\/thead>\n<tbody>\n<tr>\n<td>Game Design<br \/>Arte 2D e 3D<br \/>Programa\u00e7\u00e3o<\/td>\n<td>Game Design<br \/>M\u00fasica<\/td>\n<td>Game Design<\/td>\n<\/tr>\n<\/tbody>\n<\/table>\n<h3>Arte Promocional<\/h3>\n<div id='gallery-3' class='gallery galleryid-26 gallery-columns-3 gallery-size-thumbnail'><dl class='gallery-item'>\n\t\t\t<dt class='gallery-icon landscape'>\n\t\t\t\t<a href='http:\/\/www.seizestudios.com\/wp-content\/uploads\/2016\/05\/Nirvana.jpg'><img loading=\"lazy\" decoding=\"async\" width=\"150\" height=\"150\" src=\"http:\/\/www.seizestudios.com\/wp-content\/uploads\/2016\/05\/Nirvana-150x150.jpg\" class=\"attachment-thumbnail size-thumbnail\" alt=\"\" srcset=\"http:\/\/www.seizestudios.com\/wp-content\/uploads\/2016\/05\/Nirvana-150x150.jpg 150w, http:\/\/www.seizestudios.com\/wp-content\/uploads\/2016\/05\/Nirvana-300x300.jpg 300w, http:\/\/www.seizestudios.com\/wp-content\/uploads\/2016\/05\/Nirvana.jpg 500w\" sizes=\"auto, (max-width: 150px) 100vw, 150px\" \/><\/a>\n\t\t\t<\/dt><\/dl><dl class='gallery-item'>\n\t\t\t<dt class='gallery-icon landscape'>\n\t\t\t\t<a href='http:\/\/www.seizestudios.com\/wp-content\/uploads\/2016\/05\/AbbeyRoad.jpg'><img loading=\"lazy\" decoding=\"async\" width=\"150\" height=\"150\" src=\"http:\/\/www.seizestudios.com\/wp-content\/uploads\/2016\/05\/AbbeyRoad-150x150.jpg\" class=\"attachment-thumbnail size-thumbnail\" alt=\"\" srcset=\"http:\/\/www.seizestudios.com\/wp-content\/uploads\/2016\/05\/AbbeyRoad-150x150.jpg 150w, http:\/\/www.seizestudios.com\/wp-content\/uploads\/2016\/05\/AbbeyRoad-300x300.jpg 300w, http:\/\/www.seizestudios.com\/wp-content\/uploads\/2016\/05\/AbbeyRoad-768x767.jpg 768w, http:\/\/www.seizestudios.com\/wp-content\/uploads\/2016\/05\/AbbeyRoad-1024x1024.jpg 1024w, http:\/\/www.seizestudios.com\/wp-content\/uploads\/2016\/05\/AbbeyRoad.jpg 1125w\" sizes=\"auto, (max-width: 150px) 100vw, 150px\" \/><\/a>\n\t\t\t<\/dt><\/dl><dl class='gallery-item'>\n\t\t\t<dt class='gallery-icon portrait'>\n\t\t\t\t<a href='http:\/\/www.seizestudios.com\/wp-content\/uploads\/2016\/05\/Elvis.jpg'><img loading=\"lazy\" decoding=\"async\" width=\"150\" height=\"150\" src=\"http:\/\/www.seizestudios.com\/wp-content\/uploads\/2016\/05\/Elvis-150x150.jpg\" class=\"attachment-thumbnail size-thumbnail\" alt=\"\" \/><\/a>\n\t\t\t<\/dt><\/dl><br style=\"clear: both\" \/><dl class='gallery-item'>\n\t\t\t<dt class='gallery-icon landscape'>\n\t\t\t\t<a href='http:\/\/www.seizestudios.com\/wp-content\/uploads\/2016\/05\/ACDC.jpg'><img loading=\"lazy\" decoding=\"async\" width=\"150\" height=\"150\" src=\"http:\/\/www.seizestudios.com\/wp-content\/uploads\/2016\/05\/ACDC-150x150.jpg\" class=\"attachment-thumbnail size-thumbnail\" alt=\"\" srcset=\"http:\/\/www.seizestudios.com\/wp-content\/uploads\/2016\/05\/ACDC-150x150.jpg 150w, http:\/\/www.seizestudios.com\/wp-content\/uploads\/2016\/05\/ACDC-300x300.jpg 300w, http:\/\/www.seizestudios.com\/wp-content\/uploads\/2016\/05\/ACDC.jpg 500w\" sizes=\"auto, (max-width: 150px) 100vw, 150px\" \/><\/a>\n\t\t\t<\/dt><\/dl><dl class='gallery-item'>\n\t\t\t<dt class='gallery-icon landscape'>\n\t\t\t\t<a href='http:\/\/www.seizestudios.com\/wp-content\/uploads\/2016\/05\/Queen.jpg'><img loading=\"lazy\" decoding=\"async\" width=\"150\" height=\"150\" src=\"http:\/\/www.seizestudios.com\/wp-content\/uploads\/2016\/05\/Queen-150x150.jpg\" class=\"attachment-thumbnail size-thumbnail\" alt=\"\" srcset=\"http:\/\/www.seizestudios.com\/wp-content\/uploads\/2016\/05\/Queen-150x150.jpg 150w, http:\/\/www.seizestudios.com\/wp-content\/uploads\/2016\/05\/Queen-300x300.jpg 300w, http:\/\/www.seizestudios.com\/wp-content\/uploads\/2016\/05\/Queen-768x768.jpg 768w, http:\/\/www.seizestudios.com\/wp-content\/uploads\/2016\/05\/Queen-1024x1024.jpg 1024w, http:\/\/www.seizestudios.com\/wp-content\/uploads\/2016\/05\/Queen.jpg 1440w\" sizes=\"auto, (max-width: 150px) 100vw, 150px\" \/><\/a>\n\t\t\t<\/dt><\/dl><dl class='gallery-item'>\n\t\t\t<dt class='gallery-icon landscape'>\n\t\t\t\t<a href='http:\/\/www.seizestudios.com\/wp-content\/uploads\/2016\/05\/Ramones.jpg'><img loading=\"lazy\" decoding=\"async\" width=\"150\" height=\"150\" src=\"http:\/\/www.seizestudios.com\/wp-content\/uploads\/2016\/05\/Ramones-150x150.jpg\" class=\"attachment-thumbnail size-thumbnail\" alt=\"\" srcset=\"http:\/\/www.seizestudios.com\/wp-content\/uploads\/2016\/05\/Ramones-150x150.jpg 150w, http:\/\/www.seizestudios.com\/wp-content\/uploads\/2016\/05\/Ramones-300x300.jpg 300w, http:\/\/www.seizestudios.com\/wp-content\/uploads\/2016\/05\/Ramones.jpg 567w\" sizes=\"auto, (max-width: 150px) 100vw, 150px\" \/><\/a>\n\t\t\t<\/dt><\/dl><br style=\"clear: both\" \/><dl class='gallery-item'>\n\t\t\t<dt class='gallery-icon portrait'>\n\t\t\t\t<a href='http:\/\/www.seizestudios.com\/wp-content\/uploads\/2016\/05\/Justice.jpg'><img loading=\"lazy\" decoding=\"async\" width=\"150\" height=\"150\" src=\"http:\/\/www.seizestudios.com\/wp-content\/uploads\/2016\/05\/Justice-150x150.jpg\" class=\"attachment-thumbnail size-thumbnail\" alt=\"\" \/><\/a>\n\t\t\t<\/dt><\/dl><dl class='gallery-item'>\n\t\t\t<dt class='gallery-icon landscape'>\n\t\t\t\t<a href='http:\/\/www.seizestudios.com\/wp-content\/uploads\/2016\/05\/VanHalen.jpg'><img loading=\"lazy\" decoding=\"async\" width=\"150\" height=\"150\" src=\"http:\/\/www.seizestudios.com\/wp-content\/uploads\/2016\/05\/VanHalen-150x150.jpg\" class=\"attachment-thumbnail size-thumbnail\" alt=\"\" \/><\/a>\n\t\t\t<\/dt><\/dl><dl class='gallery-item'>\n\t\t\t<dt class='gallery-icon portrait'>\n\t\t\t\t<a href='http:\/\/www.seizestudios.com\/wp-content\/uploads\/2016\/05\/Play3.png'><img loading=\"lazy\" decoding=\"async\" width=\"150\" height=\"150\" src=\"http:\/\/www.seizestudios.com\/wp-content\/uploads\/2016\/05\/Play3-150x150.png\" class=\"attachment-thumbnail size-thumbnail\" alt=\"\" \/><\/a>\n\t\t\t<\/dt><\/dl><br style=\"clear: both\" \/><dl class='gallery-item'>\n\t\t\t<dt class='gallery-icon portrait'>\n\t\t\t\t<a href='http:\/\/www.seizestudios.com\/wp-content\/uploads\/2016\/05\/Play1.png'><img loading=\"lazy\" decoding=\"async\" width=\"150\" height=\"150\" src=\"http:\/\/www.seizestudios.com\/wp-content\/uploads\/2016\/05\/Play1-150x150.png\" class=\"attachment-thumbnail size-thumbnail\" alt=\"\" \/><\/a>\n\t\t\t<\/dt><\/dl><dl class='gallery-item'>\n\t\t\t<dt class='gallery-icon portrait'>\n\t\t\t\t<a href='http:\/\/www.seizestudios.com\/wp-content\/uploads\/2016\/05\/Cloth2.png'><img loading=\"lazy\" decoding=\"async\" width=\"150\" height=\"150\" src=\"http:\/\/www.seizestudios.com\/wp-content\/uploads\/2016\/05\/Cloth2-150x150.png\" class=\"attachment-thumbnail size-thumbnail\" alt=\"\" \/><\/a>\n\t\t\t<\/dt><\/dl><dl class='gallery-item'>\n\t\t\t<dt class='gallery-icon portrait'>\n\t\t\t\t<a href='http:\/\/www.seizestudios.com\/wp-content\/uploads\/2016\/05\/Play2.png'><img loading=\"lazy\" decoding=\"async\" width=\"150\" height=\"150\" src=\"http:\/\/www.seizestudios.com\/wp-content\/uploads\/2016\/05\/Play2-150x150.png\" class=\"attachment-thumbnail size-thumbnail\" alt=\"\" \/><\/a>\n\t\t\t<\/dt><\/dl><br style=\"clear: both\" \/><dl class='gallery-item'>\n\t\t\t<dt class='gallery-icon portrait'>\n\t\t\t\t<a href='http:\/\/www.seizestudios.com\/wp-content\/uploads\/2016\/05\/Cloth1.png'><img loading=\"lazy\" decoding=\"async\" width=\"150\" height=\"150\" src=\"http:\/\/www.seizestudios.com\/wp-content\/uploads\/2016\/05\/Cloth1-150x150.png\" class=\"attachment-thumbnail size-thumbnail\" alt=\"\" \/><\/a>\n\t\t\t<\/dt><\/dl><dl class='gallery-item'>\n\t\t\t<dt class='gallery-icon landscape'>\n\t\t\t\t<a href='http:\/\/www.seizestudios.com\/wp-content\/uploads\/2016\/08\/DogBand.jpg'><img loading=\"lazy\" decoding=\"async\" width=\"150\" height=\"150\" src=\"http:\/\/www.seizestudios.com\/wp-content\/uploads\/2016\/08\/DogBand-150x150.jpg\" class=\"attachment-thumbnail size-thumbnail\" alt=\"\" \/><\/a>\n\t\t\t<\/dt><\/dl>\n\t\t\t<br style='clear: both' \/>\n\t\t<\/div>\n\n<h3>Lan\u00e7amento<\/h3>\n<p>&nbsp;<\/p>\n<h1 style=\"text-align: center;\"><img loading=\"lazy\" decoding=\"async\" class=\"wp-image-47 aligncenter\" src=\"http:\/\/www.seizestudios.com\/wp-content\/uploads\/2016\/05\/Calendar.png\" alt=\"Calendar\" width=\"64\" height=\"75\" \/>01\/09\/2016<\/h1>\n","protected":false},"excerpt":{"rendered":"<p>Sobre o Jogo Quem n\u00e3o gosta de cachorros? Quem n\u00e3o gosta de m\u00fasica? Em Dog Band voc\u00ea pode cuidar de v\u00e1rios cachorros: Alimenta-lo com diversos tipos diferentes de ra\u00e7\u00f5es e \u00e1guas; Vesti-lo com uma incr\u00edvel variedades de roupas; Dar banho para mant\u00ea-lo limpo e saud\u00e1vel; Brincar\u00a0para garantir a felicidade dele! Mas o mundo de Dog&#8230;<\/p>\n<p><a href=\"http:\/\/www.seizestudios.com\/br\/games\/dog-band\/\" class=\"read-button\">Read more<\/a><\/p>\n","protected":false},"author":1,"featured_media":0,"parent":11,"menu_order":0,"comment_status":"closed","ping_status":"closed","template":"page-templates\/full-width.php","meta":{"footnotes":""},"class_list":["post-26","page","type-page","status-publish","hentry"],"translation":{"provider":"WPGlobus","version":"2.12.2","language":"br","enabled_languages":["en","br"],"languages":{"en":{"title":true,"content":true,"excerpt":false},"br":{"title":true,"content":true,"excerpt":false}}},"_links":{"self":[{"href":"http:\/\/www.seizestudios.com\/br\/wp-json\/wp\/v2\/pages\/26","targetHints":{"allow":["GET"]}}],"collection":[{"href":"http:\/\/www.seizestudios.com\/br\/wp-json\/wp\/v2\/pages"}],"about":[{"href":"http:\/\/www.seizestudios.com\/br\/wp-json\/wp\/v2\/types\/page"}],"author":[{"embeddable":true,"href":"http:\/\/www.seizestudios.com\/br\/wp-json\/wp\/v2\/users\/1"}],"replies":[{"embeddable":true,"href":"http:\/\/www.seizestudios.com\/br\/wp-json\/wp\/v2\/comments?post=26"}],"version-history":[{"count":27,"href":"http:\/\/www.seizestudios.com\/br\/wp-json\/wp\/v2\/pages\/26\/revisions"}],"predecessor-version":[{"id":39,"href":"http:\/\/www.seizestudios.com\/br\/wp-json\/wp\/v2\/pages\/26\/revisions\/39"}],"up":[{"embeddable":true,"href":"http:\/\/www.seizestudios.com\/br\/wp-json\/wp\/v2\/pages\/11"}],"wp:attachment":[{"href":"http:\/\/www.seizestudios.com\/br\/wp-json\/wp\/v2\/media?parent=26"}],"curies":[{"name":"wp","href":"https:\/\/api.w.org\/{rel}","templated":true}]}}